{"id":709,"date":"2024-04-02T16:14:40","date_gmt":"2024-04-02T14:14:40","guid":{"rendered":"https:\/\/www.kasa-bistro.de\/?page_id=709"},"modified":"2025-02-05T15:23:48","modified_gmt":"2025-02-05T14:23:48","slug":"vermietung","status":"publish","type":"page","link":"https:\/\/www.kasa-bistro.de\/?page_id=709","title":{"rendered":"Vermietung"},"content":{"rendered":"\t\t<div data-elementor-type=\"wp-page\" data-elementor-id=\"709\" class=\"elementor elementor-709\">\n\t\t\t\t\t\t\t\t\t<section class=\"elementor-section elementor-top-section elementor-element elementor-element-97e4a71 elementor-section-boxed elementor-section-height-default elementor-section-height-default\" data-id=\"97e4a71\" data-element_type=\"section\">\n\t\t\t\t\t\t<div class=\"elementor-container elementor-column-gap-default\">\n\t\t\t\t\t<div class=\"elementor-column elementor-col-100 elementor-top-column elementor-element elementor-element-8ff5edb\" data-id=\"8ff5edb\" data-element_type=\"column\">\n\t\t\t<div class=\"elementor-widget-wrap elementor-element-populated\">\n\t\t\t\t\t\t\t\t<div class=\"elementor-element elementor-element-b798e56 animated-slow elementor-invisible elementor-widget elementor-widget-image\" data-id=\"b798e56\" data-element_type=\"widget\" data-settings=\"{&quot;_animation&quot;:&quot;fadeInUp&quot;}\" data-widget_type=\"image.default\">\n\t\t\t\t<div class=\"elementor-widget-container\">\n\t\t\t<style>\/*! elementor - v3.14.0 - 26-06-2023 *\/\n.elementor-widget-image{text-align:center}.elementor-widget-image a{display:inline-block}.elementor-widget-image a img[src$=\".svg\"]{width:48px}.elementor-widget-image img{vertical-align:middle;display:inline-block}<\/style>\t\t\t\t\t\t\t\t\t\t\t\t<img loading=\"lazy\" decoding=\"async\" width=\"1024\" height=\"209\" src=\"https:\/\/www.kasa-bistro.de\/wp-content\/uploads\/2024\/04\/DSC002741-1024x209.jpg\" class=\"attachment-large size-large wp-image-717\" alt=\"\" srcset=\"https:\/\/www.kasa-bistro.de\/wp-content\/uploads\/2024\/04\/DSC002741-1024x209.jpg 1024w, https:\/\/www.kasa-bistro.de\/wp-content\/uploads\/2024\/04\/DSC002741-300x61.jpg 300w, https:\/\/www.kasa-bistro.de\/wp-content\/uploads\/2024\/04\/DSC002741-768x157.jpg 768w, https:\/\/www.kasa-bistro.de\/wp-content\/uploads\/2024\/04\/DSC002741-1536x314.jpg 1536w, https:\/\/www.kasa-bistro.de\/wp-content\/uploads\/2024\/04\/DSC002741.jpg 1616w\" sizes=\"auto, (max-width: 1024px) 100vw, 1024px\" \/>\t\t\t\t\t\t\t\t\t\t\t\t\t\t\t<\/div>\n\t\t\t\t<\/div>\n\t\t\t\t\t<\/div>\n\t\t<\/div>\n\t\t\t\t\t\t\t<\/div>\n\t\t<\/section>\n\t\t\t\t<section class=\"elementor-section elementor-top-section elementor-element elementor-element-8eff194 elementor-section-boxed elementor-section-height-default elementor-section-height-default\" data-id=\"8eff194\" data-element_type=\"section\">\n\t\t\t\t\t\t<div class=\"elementor-container elementor-column-gap-default\">\n\t\t\t\t\t<div class=\"elementor-column elementor-col-100 elementor-top-column elementor-element elementor-element-95d3ac4\" data-id=\"95d3ac4\" data-element_type=\"column\">\n\t\t\t<div class=\"elementor-widget-wrap elementor-element-populated\">\n\t\t\t\t\t\t\t\t<div class=\"elementor-element elementor-element-b2bba8f elementor-widget elementor-widget-text-editor\" data-id=\"b2bba8f\" data-element_type=\"widget\" data-widget_type=\"text-editor.default\">\n\t\t\t\t<div class=\"elementor-widget-container\">\n\t\t\t<style>\/*! elementor - v3.14.0 - 26-06-2023 *\/\n.elementor-widget-text-editor.elementor-drop-cap-view-stacked .elementor-drop-cap{background-color:#69727d;color:#fff}.elementor-widget-text-editor.elementor-drop-cap-view-framed .elementor-drop-cap{color:#69727d;border:3px solid;background-color:transparent}.elementor-widget-text-editor:not(.elementor-drop-cap-view-default) .elementor-drop-cap{margin-top:8px}.elementor-widget-text-editor:not(.elementor-drop-cap-view-default) .elementor-drop-cap-letter{width:1em;height:1em}.elementor-widget-text-editor .elementor-drop-cap{float:left;text-align:center;line-height:1;font-size:50px}.elementor-widget-text-editor .elementor-drop-cap-letter{display:inline-block}<\/style>\t\t\t\t<h4 style=\"text-align: center;\">Ihr sucht die perfekte Location f\u00fcr eure Geburtstags- oder Familienfeier oder braucht einen Besprechungsraum f\u00fcr euer Teammeeting.<\/h4><h5 style=\"text-align: center;\">Dann seid ihr bei uns genau richtig.<\/h5><h5 style=\"text-align: center;\">Wir bieten euch folgende Optionen:<\/h5>\t\t\t\t\t\t<\/div>\n\t\t\t\t<\/div>\n\t\t\t\t\t<\/div>\n\t\t<\/div>\n\t\t\t\t\t\t\t<\/div>\n\t\t<\/section>\n\t\t\t\t<section class=\"elementor-section elementor-top-section elementor-element elementor-element-1ca8b48 elementor-section-boxed elementor-section-height-default elementor-section-height-default\" data-id=\"1ca8b48\" data-element_type=\"section\">\n\t\t\t\t\t\t<div class=\"elementor-container elementor-column-gap-default\">\n\t\t\t\t\t<div class=\"elementor-column elementor-col-50 elementor-top-column elementor-element elementor-element-b294d9c\" data-id=\"b294d9c\" data-element_type=\"column\">\n\t\t\t<div class=\"elementor-widget-wrap elementor-element-populated\">\n\t\t\t\t\t\t\t\t<div class=\"elementor-element elementor-element-4902697 animated-slow elementor-invisible elementor-widget elementor-widget-image\" data-id=\"4902697\" data-element_type=\"widget\" data-settings=\"{&quot;_animation&quot;:&quot;fadeInLeft&quot;}\" data-widget_type=\"image.default\">\n\t\t\t\t<div class=\"elementor-widget-container\">\n\t\t\t\t\t\t\t\t\t\t\t\t\t\t\t<img loading=\"lazy\" decoding=\"async\" width=\"1024\" height=\"683\" src=\"https:\/\/www.kasa-bistro.de\/wp-content\/uploads\/2024\/04\/DSCF0318-1024x683.jpg\" class=\"attachment-large size-large wp-image-712\" alt=\"\" srcset=\"https:\/\/www.kasa-bistro.de\/wp-content\/uploads\/2024\/04\/DSCF0318-1024x683.jpg 1024w, https:\/\/www.kasa-bistro.de\/wp-content\/uploads\/2024\/04\/DSCF0318-300x200.jpg 300w, https:\/\/www.kasa-bistro.de\/wp-content\/uploads\/2024\/04\/DSCF0318-768x512.jpg 768w, https:\/\/www.kasa-bistro.de\/wp-content\/uploads\/2024\/04\/DSCF0318-1536x1024.jpg 1536w, https:\/\/www.kasa-bistro.de\/wp-content\/uploads\/2024\/04\/DSCF0318-2048x1365.jpg 2048w\" sizes=\"auto, (max-width: 1024px) 100vw, 1024px\" \/>\t\t\t\t\t\t\t\t\t\t\t\t\t\t\t<\/div>\n\t\t\t\t<\/div>\n\t\t\t\t\t<\/div>\n\t\t<\/div>\n\t\t\t\t<div class=\"elementor-column elementor-col-50 elementor-top-column elementor-element elementor-element-7eea9b4\" data-id=\"7eea9b4\" data-element_type=\"column\">\n\t\t\t<div class=\"elementor-widget-wrap elementor-element-populated\">\n\t\t\t\t\t\t\t\t<div class=\"elementor-element elementor-element-aece6ef elementor-widget elementor-widget-text-editor\" data-id=\"aece6ef\" data-element_type=\"widget\" data-widget_type=\"text-editor.default\">\n\t\t\t\t<div class=\"elementor-widget-container\">\n\t\t\t\t\t\t\t<h5 style=\"text-align: right;\">In unserer Showk\u00fcche finden bis zu 25 Personen Platz (bestuhlt).<\/h5><h5 style=\"text-align: right;\">In der Showk\u00fcche k\u00f6nnen wir fantastische Kochevents veranstalten. Sie kann jedoch auch ganz einfach zu einer Buffet- oder Cocktailbar umfunktioniert werden.<\/h5><h5 style=\"text-align: right;\"><strong>Kosten f\u00fcr Raum: 250\u20ac zzgl. MwSt<\/strong> <br \/>inkl. Reinigungskosten, Heizkosten<\/h5><h5 style=\"text-align: right;\"><em>Au\u00dferhalb unserer \u00d6ffnungszeiten berechnen wir eine weitere Servicekraft<\/em><\/h5><p>\u00a0<\/p>\t\t\t\t\t\t<\/div>\n\t\t\t\t<\/div>\n\t\t\t\t\t<\/div>\n\t\t<\/div>\n\t\t\t\t\t\t\t<\/div>\n\t\t<\/section>\n\t\t\t\t<section class=\"elementor-section elementor-top-section elementor-element elementor-element-b18fd90 elementor-section-boxed elementor-section-height-default elementor-section-height-default\" data-id=\"b18fd90\" data-element_type=\"section\">\n\t\t\t\t\t\t<div class=\"elementor-container elementor-column-gap-default\">\n\t\t\t\t\t<div class=\"elementor-column elementor-col-50 elementor-top-column elementor-element elementor-element-c2a8978\" data-id=\"c2a8978\" data-element_type=\"column\">\n\t\t\t<div class=\"elementor-widget-wrap elementor-element-populated\">\n\t\t\t\t\t\t\t\t<div class=\"elementor-element elementor-element-cc6aba9 elementor-widget elementor-widget-text-editor\" data-id=\"cc6aba9\" data-element_type=\"widget\" data-widget_type=\"text-editor.default\">\n\t\t\t\t<div class=\"elementor-widget-container\">\n\t\t\t\t\t\t\t<h4>Ihr m\u00f6chtet wirklich gro\u00df feiern, dann bieten wir euch gerne das ganze Restaurant an. Hier haben bis zu ca. 60 Personen Platz.<\/h4><h5>Durch unsere Erfahrung und Ausstattung als Caterer k\u00f6nnen wir einiges m\u00f6glich machen. Von Grillevents, Hochzeiten mit Allem was dazugeh\u00f6rt, Stehtischen und mobiler Bar auf der Terrasse bis hin zu Brunch, Mittagessen und Kaffee-Kuchen.<\/h5><h5><strong>Raumkosten entfallen.<\/strong><\/h5><h5><strong>Mindestumsatz: 3000\u20ac<\/strong><\/h5>\t\t\t\t\t\t<\/div>\n\t\t\t\t<\/div>\n\t\t\t\t\t<\/div>\n\t\t<\/div>\n\t\t\t\t<div class=\"elementor-column elementor-col-50 elementor-top-column elementor-element elementor-element-13295c9\" data-id=\"13295c9\" data-element_type=\"column\">\n\t\t\t<div class=\"elementor-widget-wrap elementor-element-populated\">\n\t\t\t\t\t\t\t\t<div class=\"elementor-element elementor-element-f485e70 animated-slow elementor-invisible elementor-widget elementor-widget-image\" data-id=\"f485e70\" data-element_type=\"widget\" data-settings=\"{&quot;_animation&quot;:&quot;fadeInRight&quot;}\" data-widget_type=\"image.default\">\n\t\t\t\t<div class=\"elementor-widget-container\">\n\t\t\t\t\t\t\t\t\t\t\t\t\t\t\t<img loading=\"lazy\" decoding=\"async\" width=\"768\" height=\"1024\" src=\"https:\/\/www.kasa-bistro.de\/wp-content\/uploads\/2024\/04\/WhatsApp-Image-2024-03-25-at-15.46.18-768x1024.jpeg\" class=\"attachment-large size-large wp-image-711\" alt=\"\" srcset=\"https:\/\/www.kasa-bistro.de\/wp-content\/uploads\/2024\/04\/WhatsApp-Image-2024-03-25-at-15.46.18-768x1024.jpeg 768w, https:\/\/www.kasa-bistro.de\/wp-content\/uploads\/2024\/04\/WhatsApp-Image-2024-03-25-at-15.46.18-225x300.jpeg 225w, https:\/\/www.kasa-bistro.de\/wp-content\/uploads\/2024\/04\/WhatsApp-Image-2024-03-25-at-15.46.18-1152x1536.jpeg 1152w, https:\/\/www.kasa-bistro.de\/wp-content\/uploads\/2024\/04\/WhatsApp-Image-2024-03-25-at-15.46.18.jpeg 1512w\" sizes=\"auto, (max-width: 768px) 100vw, 768px\" \/>\t\t\t\t\t\t\t\t\t\t\t\t\t\t\t<\/div>\n\t\t\t\t<\/div>\n\t\t\t\t\t<\/div>\n\t\t<\/div>\n\t\t\t\t\t\t\t<\/div>\n\t\t<\/section>\n\t\t\t\t<section class=\"elementor-section elementor-top-section elementor-element elementor-element-ea0707b elementor-section-boxed elementor-section-height-default elementor-section-height-default\" data-id=\"ea0707b\" data-element_type=\"section\">\n\t\t\t\t\t\t<div class=\"elementor-container elementor-column-gap-default\">\n\t\t\t\t\t<div class=\"elementor-column elementor-col-100 elementor-top-column elementor-element elementor-element-5c1a208\" data-id=\"5c1a208\" data-element_type=\"column\">\n\t\t\t<div class=\"elementor-widget-wrap elementor-element-populated\">\n\t\t\t\t\t\t\t\t<div class=\"elementor-element elementor-element-808491f elementor-widget__width-initial elementor-widget elementor-widget-text-editor\" data-id=\"808491f\" data-element_type=\"widget\" data-widget_type=\"text-editor.default\">\n\t\t\t\t<div class=\"elementor-widget-container\">\n\t\t\t\t\t\t\t<h5 style=\"text-align: center;\">Falls ihr nicht das passende gefunden haben solltet,<br>schreibt uns doch einfach eine Mail. <br>Wir finden sicherlich f\u00fcr die eine oder andere Idee eine gute L\u00f6sung.<\/h5>\t\t\t\t\t\t<\/div>\n\t\t\t\t<\/div>\n\t\t\t\t\t<\/div>\n\t\t<\/div>\n\t\t\t\t\t\t\t<\/div>\n\t\t<\/section>\n\t\t\t\t<section class=\"elementor-section elementor-top-section elementor-element elementor-element-8f7e121 elementor-section-boxed elementor-section-height-default elementor-section-height-default\" data-id=\"8f7e121\" data-element_type=\"section\">\n\t\t\t\t\t\t<div class=\"elementor-container elementor-column-gap-default\">\n\t\t\t\t\t<div class=\"elementor-column elementor-col-100 elementor-top-column elementor-element elementor-element-384f735\" data-id=\"384f735\" data-element_type=\"column\">\n\t\t\t<div class=\"elementor-widget-wrap elementor-element-populated\">\n\t\t\t\t\t\t\t\t<div class=\"elementor-element elementor-element-ef4e868 elementor-align-center elementor-widget elementor-widget-button\" data-id=\"ef4e868\" data-element_type=\"widget\" data-widget_type=\"button.default\">\n\t\t\t\t<div class=\"elementor-widget-container\">\n\t\t\t\t\t<div class=\"elementor-button-wrapper\">\n\t\t\t<a class=\"elementor-button elementor-button-link elementor-size-xl\" href=\"mailto:mail@tasteria.de\">\n\t\t\t\t\t\t<span class=\"elementor-button-content-wrapper\">\n\t\t\t\t\t\t<span class=\"elementor-button-text\">Kontakt<\/span>\n\t\t<\/span>\n\t\t\t\t\t<\/a>\n\t\t<\/div>\n\t\t\t\t<\/div>\n\t\t\t\t<\/div>\n\t\t\t\t\t<\/div>\n\t\t<\/div>\n\t\t\t\t\t\t\t<\/div>\n\t\t<\/section>\n\t\t\t\t\t\t\t<\/div>\n\t\t","protected":false},"excerpt":{"rendered":"<p>Ihr sucht die perfekte Location f\u00fcr eure Geburtstags- oder Familienfeier oder braucht einen Besprechungsraum f\u00fcr euer Teammeeting. Dann seid ihr bei uns genau richtig. Wir bieten euch folgende Optionen: In unserer Showk\u00fcche finden bis zu 25 Personen Platz (bestuhlt). In der Showk\u00fcche k\u00f6nnen wir fantastische Kochevents veranstalten. Sie kann jedoch auch ganz einfach zu einer [&hellip;]<\/p>\n","protected":false},"author":1,"featured_media":0,"parent":0,"menu_order":0,"comment_status":"closed","ping_status":"closed","template":"","meta":{"footnotes":""},"class_list":["post-709","page","type-page","status-publish","czr-hentry"],"yoast_head":"<!-- This site is optimized with the Yoast SEO plugin v20.12 - https:\/\/yoast.com\/wordpress\/plugins\/seo\/ -->\n<title>Vermietung -<\/title>\n<meta name=\"robots\" content=\"index, follow, max-snippet:-1, max-image-preview:large, max-video-preview:-1\" \/>\n<link rel=\"canonical\" href=\"https:\/\/www.kasa-bistro.de\/?page_id=709\" \/>\n<meta property=\"og:locale\" content=\"en_US\" \/>\n<meta property=\"og:type\" content=\"article\" \/>\n<meta property=\"og:title\" content=\"Vermietung -\" \/>\n<meta property=\"og:description\" content=\"Ihr sucht die perfekte Location f\u00fcr eure Geburtstags- oder Familienfeier oder braucht einen Besprechungsraum f\u00fcr euer Teammeeting. Dann seid ihr bei uns genau richtig. Wir bieten euch folgende Optionen: In unserer Showk\u00fcche finden bis zu 25 Personen Platz (bestuhlt). In der Showk\u00fcche k\u00f6nnen wir fantastische Kochevents veranstalten. Sie kann jedoch auch ganz einfach zu einer [&hellip;]\" \/>\n<meta property=\"og:url\" content=\"https:\/\/www.kasa-bistro.de\/?page_id=709\" \/>\n<meta property=\"article:modified_time\" content=\"2025-02-05T14:23:48+00:00\" \/>\n<meta property=\"og:image\" content=\"http:\/\/www.kasa-bistro.de\/wp-content\/uploads\/2024\/04\/DSC002741-1024x209.jpg\" \/>\n<meta name=\"twitter:card\" content=\"summary_large_image\" \/>\n<script type=\"application\/ld+json\" class=\"yoast-schema-graph\">{\"@context\":\"https:\/\/schema.org\",\"@graph\":[{\"@type\":\"WebPage\",\"@id\":\"https:\/\/www.kasa-bistro.de\/?page_id=709\",\"url\":\"https:\/\/www.kasa-bistro.de\/?page_id=709\",\"name\":\"Vermietung -\",\"isPartOf\":{\"@id\":\"https:\/\/www.kasa-bistro.de\/#website\"},\"datePublished\":\"2024-04-02T14:14:40+00:00\",\"dateModified\":\"2025-02-05T14:23:48+00:00\",\"breadcrumb\":{\"@id\":\"https:\/\/www.kasa-bistro.de\/?page_id=709#breadcrumb\"},\"inLanguage\":\"en-US\",\"potentialAction\":[{\"@type\":\"ReadAction\",\"target\":[\"https:\/\/www.kasa-bistro.de\/?page_id=709\"]}]},{\"@type\":\"BreadcrumbList\",\"@id\":\"https:\/\/www.kasa-bistro.de\/?page_id=709#breadcrumb\",\"itemListElement\":[{\"@type\":\"ListItem\",\"position\":1,\"name\":\"Startseite\",\"item\":\"https:\/\/www.kasa-bistro.de\/\"},{\"@type\":\"ListItem\",\"position\":2,\"name\":\"Vermietung\"}]},{\"@type\":\"WebSite\",\"@id\":\"https:\/\/www.kasa-bistro.de\/#website\",\"url\":\"https:\/\/www.kasa-bistro.de\/\",\"name\":\"\",\"description\":\"\",\"potentialAction\":[{\"@type\":\"SearchAction\",\"target\":{\"@type\":\"EntryPoint\",\"urlTemplate\":\"https:\/\/www.kasa-bistro.de\/?s={search_term_string}\"},\"query-input\":\"required name=search_term_string\"}],\"inLanguage\":\"en-US\"}]}<\/script>\n<!-- \/ Yoast SEO plugin. -->","yoast_head_json":{"title":"Vermietung -","robots":{"index":"index","follow":"follow","max-snippet":"max-snippet:-1","max-image-preview":"max-image-preview:large","max-video-preview":"max-video-preview:-1"},"canonical":"https:\/\/www.kasa-bistro.de\/?page_id=709","og_locale":"en_US","og_type":"article","og_title":"Vermietung -","og_description":"Ihr sucht die perfekte Location f\u00fcr eure Geburtstags- oder Familienfeier oder braucht einen Besprechungsraum f\u00fcr euer Teammeeting. Dann seid ihr bei uns genau richtig. Wir bieten euch folgende Optionen: In unserer Showk\u00fcche finden bis zu 25 Personen Platz (bestuhlt). In der Showk\u00fcche k\u00f6nnen wir fantastische Kochevents veranstalten. Sie kann jedoch auch ganz einfach zu einer [&hellip;]","og_url":"https:\/\/www.kasa-bistro.de\/?page_id=709","article_modified_time":"2025-02-05T14:23:48+00:00","og_image":[{"url":"http:\/\/www.kasa-bistro.de\/wp-content\/uploads\/2024\/04\/DSC002741-1024x209.jpg"}],"twitter_card":"summary_large_image","schema":{"@context":"https:\/\/schema.org","@graph":[{"@type":"WebPage","@id":"https:\/\/www.kasa-bistro.de\/?page_id=709","url":"https:\/\/www.kasa-bistro.de\/?page_id=709","name":"Vermietung -","isPartOf":{"@id":"https:\/\/www.kasa-bistro.de\/#website"},"datePublished":"2024-04-02T14:14:40+00:00","dateModified":"2025-02-05T14:23:48+00:00","breadcrumb":{"@id":"https:\/\/www.kasa-bistro.de\/?page_id=709#breadcrumb"},"inLanguage":"en-US","potentialAction":[{"@type":"ReadAction","target":["https:\/\/www.kasa-bistro.de\/?page_id=709"]}]},{"@type":"BreadcrumbList","@id":"https:\/\/www.kasa-bistro.de\/?page_id=709#breadcrumb","itemListElement":[{"@type":"ListItem","position":1,"name":"Startseite","item":"https:\/\/www.kasa-bistro.de\/"},{"@type":"ListItem","position":2,"name":"Vermietung"}]},{"@type":"WebSite","@id":"https:\/\/www.kasa-bistro.de\/#website","url":"https:\/\/www.kasa-bistro.de\/","name":"","description":"","potentialAction":[{"@type":"SearchAction","target":{"@type":"EntryPoint","urlTemplate":"https:\/\/www.kasa-bistro.de\/?s={search_term_string}"},"query-input":"required name=search_term_string"}],"inLanguage":"en-US"}]}},"_links":{"self":[{"href":"https:\/\/www.kasa-bistro.de\/index.php?rest_route=\/wp\/v2\/pages\/709","targetHints":{"allow":["GET"]}}],"collection":[{"href":"https:\/\/www.kasa-bistro.de\/index.php?rest_route=\/wp\/v2\/pages"}],"about":[{"href":"https:\/\/www.kasa-bistro.de\/index.php?rest_route=\/wp\/v2\/types\/page"}],"author":[{"embeddable":true,"href":"https:\/\/www.kasa-bistro.de\/index.php?rest_route=\/wp\/v2\/users\/1"}],"replies":[{"embeddable":true,"href":"https:\/\/www.kasa-bistro.de\/index.php?rest_route=%2Fwp%2Fv2%2Fcomments&post=709"}],"version-history":[{"count":31,"href":"https:\/\/www.kasa-bistro.de\/index.php?rest_route=\/wp\/v2\/pages\/709\/revisions"}],"predecessor-version":[{"id":1164,"href":"https:\/\/www.kasa-bistro.de\/index.php?rest_route=\/wp\/v2\/pages\/709\/revisions\/1164"}],"wp:attachment":[{"href":"https:\/\/www.kasa-bistro.de\/index.php?rest_route=%2Fwp%2Fv2%2Fmedia&parent=709"}],"curies":[{"name":"wp","href":"https:\/\/api.w.org\/{rel}","templated":true}]}}